{"id":2,"date":"2023-08-22T15:37:05","date_gmt":"2023-08-22T13:37:05","guid":{"rendered":"http:\/\/chateaudesfaures.fr\/?page_id=2"},"modified":"2023-11-09T14:26:34","modified_gmt":"2023-11-09T13:26:34","slug":"chambre-dhote-saint-emilion","status":"publish","type":"page","link":"https:\/\/chateaudesfaures.fr\/es\/","title":{"rendered":"Accueil"},"content":{"rendered":"<p><\/p>\n<h1><strong>HABITACI\u00d3N DE HU\u00c9SPEDES &#038;<br \/>\nPROPIEDAD DEL VINO PUISSEGUIN<\/strong><\/h1>\n<hr>\n<p>Un terroir noble, un vi\u00f1edo de 30 hect\u00e1reas, <strong>vinificaci\u00f3n y crianza del vino<\/strong>, pasiones compartidas por la familia MAS durante tres generaciones en un entorno id\u00edlico.<br \/>\nEl Ch\u00e2teau des Faures ubicado en <strong>Puisseguin, cerca de Saint-\u00c9milion<\/strong>.<br \/>\nLa historia comienza en 1977, Roland y Caroline compraron la propiedad familiar, es decir, 37 hect\u00e1reas, pero s\u00f3lo 4 hect\u00e1reas de vi\u00f1edos viejos que sufrieron las heladas de 1956 y 1 hect\u00e1rea de 50 vi\u00f1edos j\u00f3venes. A partir de 1978 se iniciaron poco a poco las plantaciones de vid, la renovaci\u00f3n de las instalaciones de la finca y principalmente de la bodega, la gesti\u00f3n del vino y de los efluentes vitivin\u00edcolas para proteger mejor nuestro medio ambiente.<\/p>\n<div class=\"toggle\">\n<div class=\"more\">\n<strong>2001<\/strong> : Aur\u00e9lien (nuestro hijo) terminando sus estudios agr\u00edcolas se une a nosotros en la granja. El Ch\u00e2teau des Faures se ampl\u00eda con nuevas plantaciones de vi\u00f1edos y con la ampliaci\u00f3n de la sala de tinajas de la bodega.<br \/>\n<strong>2005<\/strong> : Creaci\u00f3n de SCEA MAS &#038; Fils con Aur\u00e9lien para empezar a transferirle nuestro dominio y darle m\u00e1s responsabilidad.<br \/>\n<strong>2009<\/strong> : El Ch\u00e2teau des Faures se ampl\u00eda con 7 hect\u00e1reas de vi\u00f1edos (finca) situada en Saint Philippe d&#8217;Aiguilhe y se realiza una nueva ampliaci\u00f3n de la sala de cubas de la bodega. La finca lleva la etiqueta \u00abVignoble et Chai en Bordelais\u00bb.<br \/>\n<strong>2009<\/strong> : Renovamos la casa Gironda en el coraz\u00f3n de la propiedad. Creaci\u00f3n de la Maison des Aur\u00e9lines mediante la habilitaci\u00f3n de tres habitaciones, una de las cuales est\u00e1 equipada para personas con movilidad reducida.<\/p>\n<p>Hasta la fecha, recompensado por todo este trabajo, Ch\u00e2teau des Faures cuenta con <strong>30 hect\u00e1reas de vi\u00f1edos gestionados por SCEA MAS &#038; Fils<\/strong>. Estaremos encantados de mostrarle nuestra finca <strong>vin\u00edcola certificada de Alto Valor Ambiental<\/strong>, descubrir nuestra profesi\u00f3n, compartir un momento agradable en torno a una degustaci\u00f3n de nuestra gama de vinos, darle la bienvenida a nuestra <strong>casa de hu\u00e9spedes y beneficiarse de un entorno excepcional para recargar pilas y reconectar con la naturaleza<\/strong>.\n<\/div>\n<div class=\"less\"><a class=\"button-read-more button-read\" title=\"En savoir plus\" href=\"#read\">Ler mais<\/a><br \/>\n<a class=\"button-read-less button-read\" title=\"En savoir moins\" href=\"#read\">Reducir<\/a><\/div>\n<\/div>\n<p><\/p>","protected":false},"excerpt":{"rendered":"<p>HABITACI\u00d3N DE HU\u00c9SPEDES &#038; PROPIEDAD DEL VINO PUISSEGUIN Un terroir noble, un vi\u00f1edo de 30 hect\u00e1reas, vinificaci\u00f3n y crianza del vino, pasiones compartidas por la familia MAS durante tres generaciones en un entorno id\u00edlico. El Ch\u00e2teau des Faures ubicado en Puisseguin, cerca de Saint-\u00c9milion. La historia comienza en 1977, Roland y Caroline compraron la propiedad &hellip; <\/p>\n<p class=\"link-more\"><a href=\"https:\/\/chateaudesfaures.fr\/es\/\" class=\"more-link\">Continue reading<span class=\"screen-reader-text\"> \u00abAccueil\u00bb<\/span><\/a><\/p>\n","protected":false},"author":2,"featured_media":0,"parent":0,"menu_order":0,"comment_status":"closed","ping_status":"open","template":"","meta":{"footnotes":""},"class_list":["post-2","page","type-page","status-publish","hentry"],"yoast_head":"<!-- This site is optimized with the Yoast SEO Premium plugin v26.1 (Yoast SEO v27.3) - https:\/\/yoast.com\/product\/yoast-seo-premium-wordpress\/ -->\n<title>Chambre d&#039;h\u00f4te Saint Emilion - Chambre d&#039;h\u00f4te Bordeaux<\/title>\n<meta name=\"description\" content=\"Ch\u00e2teau Des Faures, votre expert en chambre d&#039;h\u00f4te, situ\u00e9 de Saint Emilion, Bordeaux, le Bassin d&#039;Arcachon, la Gironde et la Dordogne.\" \/>\n<meta name=\"robots\" content=\"index, follow, max-snippet:-1, max-image-preview:large, max-video-preview:-1\" \/>\n<link rel=\"canonical\" href=\"https:\/\/chateaudesfaures.fr\/es\/\" \/>\n<meta property=\"og:locale\" content=\"es_ES\" \/>\n<meta property=\"og:type\" content=\"article\" \/>\n<meta property=\"og:title\" content=\"Chambre d&#039;h\u00f4te Saint Emilion - Chambre d&#039;h\u00f4te Bordeaux\" \/>\n<meta property=\"og:description\" content=\"Ch\u00e2teau Des Faures, votre expert en chambre d&#039;h\u00f4te, situ\u00e9 de Saint Emilion, Bordeaux, le Bassin d&#039;Arcachon, la Gironde et la Dordogne.\" \/>\n<meta property=\"og:url\" content=\"https:\/\/chateaudesfaures.fr\/\" \/>\n<meta property=\"og:site_name\" content=\"Chambre d\u2019h\u00f4te Saint-\u00c9milion - Chambre d\u2019h\u00f4te Bordeaux - Chateau Des Faures\" \/>\n<meta property=\"article:modified_time\" content=\"2023-11-09T13:26:34+00:00\" \/>\n<meta property=\"og:image\" content=\"https:\/\/www.groupegedone.com\/wp-content\/themes\/groupege\/images\/invisible.png\" \/>\n<meta name=\"twitter:card\" content=\"summary_large_image\" \/>\n<meta name=\"twitter:label1\" content=\"Tiempo de lectura\" \/>\n\t<meta name=\"twitter:data1\" content=\"5 minutos\" \/>\n<script type=\"application\/ld+json\" class=\"yoast-schema-graph\">{\"@context\":\"https:\\\/\\\/schema.org\",\"@graph\":[{\"@type\":\"WebPage\",\"@id\":\"https:\\\/\\\/chateaudesfaures.fr\\\/\",\"url\":\"https:\\\/\\\/chateaudesfaures.fr\\\/\",\"name\":\"Chambre d'h\u00f4te Saint Emilion - Chambre d'h\u00f4te Bordeaux\",\"isPartOf\":{\"@id\":\"https:\\\/\\\/chateaudesfaures.fr\\\/#website\"},\"primaryImageOfPage\":{\"@id\":\"https:\\\/\\\/chateaudesfaures.fr\\\/#primaryimage\"},\"image\":{\"@id\":\"https:\\\/\\\/chateaudesfaures.fr\\\/#primaryimage\"},\"thumbnailUrl\":\"https:\\\/\\\/www.groupegedone.com\\\/wp-content\\\/themes\\\/groupege\\\/images\\\/invisible.png\",\"datePublished\":\"2023-08-22T13:37:05+00:00\",\"dateModified\":\"2023-11-09T13:26:34+00:00\",\"description\":\"Ch\u00e2teau Des Faures, votre expert en chambre d'h\u00f4te, situ\u00e9 de Saint Emilion, Bordeaux, le Bassin d'Arcachon, la Gironde et la Dordogne.\",\"inLanguage\":\"es\",\"potentialAction\":[{\"@type\":\"ReadAction\",\"target\":[\"https:\\\/\\\/chateaudesfaures.fr\\\/\"]}]},{\"@type\":\"ImageObject\",\"inLanguage\":\"es\",\"@id\":\"https:\\\/\\\/chateaudesfaures.fr\\\/#primaryimage\",\"url\":\"https:\\\/\\\/www.groupegedone.com\\\/wp-content\\\/themes\\\/groupege\\\/images\\\/invisible.png\",\"contentUrl\":\"https:\\\/\\\/www.groupegedone.com\\\/wp-content\\\/themes\\\/groupege\\\/images\\\/invisible.png\"},{\"@type\":\"WebSite\",\"@id\":\"https:\\\/\\\/chateaudesfaures.fr\\\/#website\",\"url\":\"https:\\\/\\\/chateaudesfaures.fr\\\/\",\"name\":\"Chambre d\u2019h\u00f4te Saint-\u00c9milion - Chambre d\u2019h\u00f4te Bordeaux - Chateau Des Faures\",\"description\":\"Chambre d\u2019h\u00f4te Saint-\u00c9milion - Chambre d\u2019h\u00f4te Bordeaux - Chateau Des Faures\",\"publisher\":{\"@id\":\"https:\\\/\\\/chateaudesfaures.fr\\\/#organization\"},\"potentialAction\":[{\"@type\":\"SearchAction\",\"target\":{\"@type\":\"EntryPoint\",\"urlTemplate\":\"https:\\\/\\\/chateaudesfaures.fr\\\/?s={search_term_string}\"},\"query-input\":{\"@type\":\"PropertyValueSpecification\",\"valueRequired\":true,\"valueName\":\"search_term_string\"}}],\"inLanguage\":\"es\"},{\"@type\":\"Organization\",\"@id\":\"https:\\\/\\\/chateaudesfaures.fr\\\/#organization\",\"name\":\"Chambre d\u2019h\u00f4te Saint-\u00c9milion - Chambre d\u2019h\u00f4te Bordeaux - Chateau Des Faures\",\"url\":\"https:\\\/\\\/chateaudesfaures.fr\\\/\",\"logo\":{\"@type\":\"ImageObject\",\"inLanguage\":\"es\",\"@id\":\"https:\\\/\\\/chateaudesfaures.fr\\\/#\\\/schema\\\/logo\\\/image\\\/\",\"url\":\"https:\\\/\\\/chateaudesfaures.fr\\\/wp-content\\\/uploads\\\/chateau-des-faures-logo.png\",\"contentUrl\":\"https:\\\/\\\/chateaudesfaures.fr\\\/wp-content\\\/uploads\\\/chateau-des-faures-logo.png\",\"width\":713,\"height\":254,\"caption\":\"Chambre d\u2019h\u00f4te Saint-\u00c9milion - Chambre d\u2019h\u00f4te Bordeaux - Chateau Des Faures\"},\"image\":{\"@id\":\"https:\\\/\\\/chateaudesfaures.fr\\\/#\\\/schema\\\/logo\\\/image\\\/\"}}]}<\/script>\n<!-- \/ Yoast SEO Premium plugin. -->","yoast_head_json":{"title":"Chambre d'h\u00f4te Saint Emilion - Chambre d'h\u00f4te Bordeaux","description":"Ch\u00e2teau Des Faures, votre expert en chambre d'h\u00f4te, situ\u00e9 de Saint Emilion, Bordeaux, le Bassin d'Arcachon, la Gironde et la Dordogne.","robots":{"index":"index","follow":"follow","max-snippet":"max-snippet:-1","max-image-preview":"max-image-preview:large","max-video-preview":"max-video-preview:-1"},"canonical":"https:\/\/chateaudesfaures.fr\/es\/","og_locale":"es_ES","og_type":"article","og_title":"Chambre d'h\u00f4te Saint Emilion - Chambre d'h\u00f4te Bordeaux","og_description":"Ch\u00e2teau Des Faures, votre expert en chambre d'h\u00f4te, situ\u00e9 de Saint Emilion, Bordeaux, le Bassin d'Arcachon, la Gironde et la Dordogne.","og_url":"https:\/\/chateaudesfaures.fr\/","og_site_name":"Chambre d\u2019h\u00f4te Saint-\u00c9milion - Chambre d\u2019h\u00f4te Bordeaux - Chateau Des Faures","article_modified_time":"2023-11-09T13:26:34+00:00","og_image":[{"url":"https:\/\/www.groupegedone.com\/wp-content\/themes\/groupege\/images\/invisible.png","type":"","width":"","height":""}],"twitter_card":"summary_large_image","twitter_misc":{"Tiempo de lectura":"5 minutos"},"schema":{"@context":"https:\/\/schema.org","@graph":[{"@type":"WebPage","@id":"https:\/\/chateaudesfaures.fr\/","url":"https:\/\/chateaudesfaures.fr\/","name":"Chambre d'h\u00f4te Saint Emilion - Chambre d'h\u00f4te Bordeaux","isPartOf":{"@id":"https:\/\/chateaudesfaures.fr\/#website"},"primaryImageOfPage":{"@id":"https:\/\/chateaudesfaures.fr\/#primaryimage"},"image":{"@id":"https:\/\/chateaudesfaures.fr\/#primaryimage"},"thumbnailUrl":"https:\/\/www.groupegedone.com\/wp-content\/themes\/groupege\/images\/invisible.png","datePublished":"2023-08-22T13:37:05+00:00","dateModified":"2023-11-09T13:26:34+00:00","description":"Ch\u00e2teau Des Faures, votre expert en chambre d'h\u00f4te, situ\u00e9 de Saint Emilion, Bordeaux, le Bassin d'Arcachon, la Gironde et la Dordogne.","inLanguage":"es","potentialAction":[{"@type":"ReadAction","target":["https:\/\/chateaudesfaures.fr\/"]}]},{"@type":"ImageObject","inLanguage":"es","@id":"https:\/\/chateaudesfaures.fr\/#primaryimage","url":"https:\/\/www.groupegedone.com\/wp-content\/themes\/groupege\/images\/invisible.png","contentUrl":"https:\/\/www.groupegedone.com\/wp-content\/themes\/groupege\/images\/invisible.png"},{"@type":"WebSite","@id":"https:\/\/chateaudesfaures.fr\/#website","url":"https:\/\/chateaudesfaures.fr\/","name":"Chambre d\u2019h\u00f4te Saint-\u00c9milion - Chambre d\u2019h\u00f4te Bordeaux - Chateau Des Faures","description":"Chambre d\u2019h\u00f4te Saint-\u00c9milion - Chambre d\u2019h\u00f4te Bordeaux - Chateau Des Faures","publisher":{"@id":"https:\/\/chateaudesfaures.fr\/#organization"},"potentialAction":[{"@type":"SearchAction","target":{"@type":"EntryPoint","urlTemplate":"https:\/\/chateaudesfaures.fr\/?s={search_term_string}"},"query-input":{"@type":"PropertyValueSpecification","valueRequired":true,"valueName":"search_term_string"}}],"inLanguage":"es"},{"@type":"Organization","@id":"https:\/\/chateaudesfaures.fr\/#organization","name":"Chambre d\u2019h\u00f4te Saint-\u00c9milion - Chambre d\u2019h\u00f4te Bordeaux - Chateau Des Faures","url":"https:\/\/chateaudesfaures.fr\/","logo":{"@type":"ImageObject","inLanguage":"es","@id":"https:\/\/chateaudesfaures.fr\/#\/schema\/logo\/image\/","url":"https:\/\/chateaudesfaures.fr\/wp-content\/uploads\/chateau-des-faures-logo.png","contentUrl":"https:\/\/chateaudesfaures.fr\/wp-content\/uploads\/chateau-des-faures-logo.png","width":713,"height":254,"caption":"Chambre d\u2019h\u00f4te Saint-\u00c9milion - Chambre d\u2019h\u00f4te Bordeaux - Chateau Des Faures"},"image":{"@id":"https:\/\/chateaudesfaures.fr\/#\/schema\/logo\/image\/"}}]}},"_links":{"self":[{"href":"https:\/\/chateaudesfaures.fr\/es\/wp-json\/wp\/v2\/pages\/2","targetHints":{"allow":["GET"]}}],"collection":[{"href":"https:\/\/chateaudesfaures.fr\/es\/wp-json\/wp\/v2\/pages"}],"about":[{"href":"https:\/\/chateaudesfaures.fr\/es\/wp-json\/wp\/v2\/types\/page"}],"author":[{"embeddable":true,"href":"https:\/\/chateaudesfaures.fr\/es\/wp-json\/wp\/v2\/users\/2"}],"replies":[{"embeddable":true,"href":"https:\/\/chateaudesfaures.fr\/es\/wp-json\/wp\/v2\/comments?post=2"}],"version-history":[{"count":17,"href":"https:\/\/chateaudesfaures.fr\/es\/wp-json\/wp\/v2\/pages\/2\/revisions"}],"predecessor-version":[{"id":234,"href":"https:\/\/chateaudesfaures.fr\/es\/wp-json\/wp\/v2\/pages\/2\/revisions\/234"}],"wp:attachment":[{"href":"https:\/\/chateaudesfaures.fr\/es\/wp-json\/wp\/v2\/media?parent=2"}],"curies":[{"name":"wp","href":"https:\/\/api.w.org\/{rel}","templated":true}]}}