{"id":14,"date":"2023-08-22T15:40:40","date_gmt":"2023-08-22T13:40:40","guid":{"rendered":"http:\/\/chateaudesfaures.fr\/?page_id=14"},"modified":"2025-03-10T16:06:29","modified_gmt":"2025-03-10T15:06:29","slug":"mentions-legales","status":"publish","type":"page","link":"https:\/\/chateaudesfaures.fr\/es\/mentions-legales\/","title":{"rendered":"Menciones legales"},"content":{"rendered":"<p><\/p>\n<div class=\"bloc_mentions\">\n<div class=\"bloc_bordures\">\nEl sitio chateaudesfaures.fr es editado por :<\/p>\n<h2>Ch\u00e2teau Des Faures<\/h2>\n<p>2 chemin de la dognonne,<br \/>\n33570 Puisseguin<\/p>\n<p>Siret : 480 248 095<\/p>\n<p>Dise\u00f1o de sitios web y optimizaci\u00f3n<\/p>\n<h2>Groupe Gedone<\/h2>\n<p>80 Boulevard Charles de Gaulles, 64140 LONS<br \/>\nSiret : 448 462 200<br \/>\nTel : 05 59 33 71 46<br \/>\n<a href=\"http:\/\/creationsiteinternetpau.com\/\">Groupe Gedone<\/a><\/p>\n<h2>Cr\u00e9ditos de las fotos<\/h2>\n<p>Adobe stock\n<\/p><\/div>\n<\/div>\n<div class=\"bloc_infos\">\n<h2>Hospedaje<\/h2>\n<p>OVH -140, quai du Sartel &#8211; 59100 ROUBAIX<br \/>\nDerechos de autor &#8211; copyright \u00a9 &#8211; derechos de marcas &#8211; enlaces<br \/>\nLa reproducci\u00f3n o representaci\u00f3n total o parcial de los elementos del sitio est\u00e1 estrictamente prohibida.<\/p>\n<h2>Derechos de autor<\/h2>\n<p>Los derechos de reproducci\u00f3n y representaci\u00f3n de todas las obras representadas en el sitio est\u00e1n estrictamente reservados.<br \/>\nEn consecuencia, la reproducci\u00f3n y representaci\u00f3n total o parcial de este sitio, en cualquier medio, est\u00e1 estrictamente prohibida sin la autorizaci\u00f3n escrita expresa del editor. Los documentos solo pueden copiarse con fines informativos y la copia est\u00e1 reservada exclusivamente para uso privado.<\/p>\n<h2>Derechos de marca<\/h2>\n<p>Las denominaciones sociales, marcas y signos distintivos reproducidos en el sitio est\u00e1n protegidos por el derecho de marcas. La reproducci\u00f3n o representaci\u00f3n total o parcial de cualquiera de los signos mencionados est\u00e1 estrictamente prohibida y debe obtener una autorizaci\u00f3n escrita previa del titular de la marca.<\/p>\n<h2>Creaci\u00f3n de enlaces al sitio<\/h2>\n<p>El sitio permite la creaci\u00f3n de un enlace de hipertexto que apunte a su contenido, siempre que no se utilice la t\u00e9cnica de enlace profundo (\u00abdeep linking\u00bb), es decir, las p\u00e1ginas del sitio no deben estar incrustadas dentro de las p\u00e1ginas de otro sitio, sino accesibles mediante la apertura de una ventana; se debe mencionar la fuente del contenido deseado.<br \/>\nEsta autorizaci\u00f3n no se aplica a los sitios web que difunden informaci\u00f3n pol\u00e9mica, pornogr\u00e1fica, xen\u00f3foba o que pueda afectar la sensibilidad de la mayor\u00eda o el orden p\u00fablico en mayor medida.<\/p>\n<h2>Libertad inform\u00e1tica y datos personales<\/h2>\n<p>El usuario est\u00e1 informado de que sus datos personales recopilados a trav\u00e9s de los formularios de contacto, servicios personalizados o cualquier otro cuestionario est\u00e1n sujetos a un tratamiento automatizado. La informaci\u00f3n recopilada se mantiene estrictamente confidencial y est\u00e1 destinada exclusivamente al uso de los miembros y los servicios del editor del sitio.<br \/>\nAlgunas informaciones espec\u00edficas requeridas en los formularios en l\u00ednea son obligatorias. Tenga en cuenta que si se ingresan de manera incorrecta, la informaci\u00f3n no se enviar\u00e1.<br \/>\nDe acuerdo con la Ley de Protecci\u00f3n de Datos del 6 de enero de 1978, modificada por la Ley del 6 de agosto de 2004 (art\u00edculos 38 a 43 de la Ley N.\u00ba 78-17 del 6 de enero de 1978 relativa a la inform\u00e1tica, los archivos y las libertades), puede ejercer su derecho de acceso a la informaci\u00f3n y, si corresponde, su derecho de rectificaci\u00f3n o eliminaci\u00f3n de la informaci\u00f3n que le concierne escribi\u00e9ndonos.<\/p>\n<p>Para obtener m\u00e1s informaci\u00f3n sobre la protecci\u00f3n de datos personales, puede consultar el sitio web de la Comisi\u00f3n Nacional de Inform\u00e1tica y Libertades (CNIL) <a href=\"https:\/\/www.cnil.fr\/fr\">www.cnil.fr<\/a>.<\/p>\n<h2>Pol\u00edtica de uso de cookies<\/h2>\n<p><b>\u00bf Qu\u00e9 es una cookie ?<\/b><br \/>\nUna cookie es un peque\u00f1o archivo de texto almacenado en su computadora, tel\u00e9fono m\u00f3vil o tableta cuando visita nuestro sitio web.<br \/>\nNo es necesario activar esta funci\u00f3n para visitar el sitio, pero el acceso a ciertos servicios puede requerir el uso de cookies para funcionar correctamente (por ejemplo, estad\u00edsticas de Google Analytics). Puede desactivar la funci\u00f3n de cookies en su navegador si lo desea.<br \/>\nPara obtener m\u00e1s informaci\u00f3n sobre las cookies, puede consultar el sitio web de la CNIL (www.cnil.fr).<br \/>\nEstas cookies nos proporcionan informaci\u00f3n codificada para facilitar y mejorar su experiencia en nuestro sitio web, permitiendo, por ejemplo, reconocerlo cuando regresa al sitio. Una cookie no permite su identificaci\u00f3n personal, solo reconoce la computadora utilizada. Las cookies permiten que su computadora acceda a diversas funciones del sitio y disfrute de una navegaci\u00f3n lo m\u00e1s personalizada posible.<br \/>\nNo se transmite ninguna informaci\u00f3n personal sin su consentimiento expreso.<br \/>\nEl per\u00edodo de retenci\u00f3n de los datos relacionados con las cookies se limita a 13 meses.<\/p>\n<h2>\u00bf C\u00f3mo rechazar las cookies ?<\/h2>\n<p>Si desea rechazar la instalaci\u00f3n de cookies en su computadora, simplemente configure su navegador de Internet. Cada navegador tiene un procedimiento diferente, que puede encontrar a continuaci\u00f3n :<br \/>\n<\/p>\n<div class=\"col-xs-12 col-sm-12 col-md-12 col-lg-12\" style=\"padding: 25px 0;\">\n<div class=\"col-xs-2 col-sm-1 col-md-1 col-lg-1\" style=\"padding: 0 15px 15px 0;\">\n       <img decoding=\"async\" src=\"http:\/\/www.groupegedone.com\/module_cookie\/picto-google-chrome.png\" style=\"width: 100%;\"alt=\"\"\/>\n   <\/div>\n<div class=\"col-xs-10 col-sm-11 col-md-11 col-lg-11\" style=\"padding: 0;\">\n       1. Seleccione \u00abConfiguraci\u00f3n\u00bb en la parte superior de la ventana de su navegador y luego \u00abMostrar configuraci\u00f3n avanzada.<br \/>\n       2. En la secci\u00f3n \u00abPrivacidad\u00bb, haga clic en \u00abConfiguraci\u00f3n de contenido\u00bb y luego llegar\u00e1 a la secci\u00f3n de \u00abcookies\u00bb donde puede seleccionar el nivel deseado.<br \/>\n       3. Vaya hasta el final de la p\u00e1gina, haga clic en \u00abAceptar\u00bb para finalizar la operaci\u00f3n.<\/p><\/div>\n<\/div>\n<div class=\"col-xs-12 col-sm-12 col-md-12 col-lg-12\" style=\"padding: 25px 0;\">\n<div class=\"col-xs-2 col-sm-1 col-md-1 col-lg-1\" style=\"padding: 0 15px 15px 0;\">\n       <img decoding=\"async\" src=\"http:\/\/www.groupegedone.com\/module_cookie\/picto-mozilla-firefox.png\" style=\"width: 100%;\" alt=\"\"\/>\n   <\/div>\n<div class=\"col-xs-10 col-sm-11 col-md-11 col-lg-11\" style=\"padding: 0;\">\n       1. Haga clic en \u00abHerramientas\u00bb en la parte superior de su ventana de navegaci\u00f3n y luego en \u00abOpciones\u00bb.<br \/>\n       2. Seleccione la pesta\u00f1a \u00abPrivacidad\u00bb, haga clic en \u00abEliminar cookies espec\u00edficos\u00bb.<br \/>\n       3. Localice las cookies que contienen el nombre \u00abXXX\u00bb y elim\u00ednelas.\n   <\/div>\n<\/div>\n<div class=\"col-xs-12 col-sm-12 col-md-12 col-lg-12\" style=\"padding: 25px 0;\">\n<div class=\"col-xs-2 col-sm-1 col-md-1 col-lg-1\" style=\"padding: 0 15px 15px 0;\">\n       <img decoding=\"async\" src=\"http:\/\/www.groupegedone.com\/module_cookie\/picto-internet-explorer.png\" style=\"width: 100%;\" alt=\"\"\/>\n   <\/div>\n<div class=\"col-xs-10 col-sm-11 col-md-11 col-lg-11\" style=\"padding: 0;\">\n       1. Haga clic en \u00abHerramientas\u00bb en la parte superior de su ventana de navegaci\u00f3n y luego en \u00abOpciones de Internet\u00bb.<br \/>\n       2. En la pesta\u00f1a \u00abPrivacidad\u00bb, seleccione el nivel de cookies que desea aceptar.<br \/>\n       3. Haga clic en \u00abAceptar\u00bb para finalizar la operaci\u00f3n.\n   <\/div>\n<\/div>\n<div class=\"col-xs-12 col-sm-12 col-md-12 col-lg-12\" style=\"padding: 25px 0;\">\n<div class=\"col-xs-2 col-sm-1 col-md-1 col-lg-1\" style=\"padding: 0 15px 15px 0;\">\n       <img decoding=\"async\" src=\"http:\/\/www.groupegedone.com\/module_cookie\/picto-safari.png\" style=\"width: 100%;\" alt=\"\"\/>\n   <\/div>\n<div class=\"col-xs-10 col-sm-11 col-md-11 col-lg-11\" style=\"padding: 0;\">\n       1. Haga clic en el icono de \u00abengranaje\u00bb en la parte superior de su ventana de navegaci\u00f3n y luego en \u00abPreferencias\u00bb.<br \/>\n       2. Haga clic en \u00abSeguridad\u00bb y en \u00abBloquear cookies\u00bb seleccione el nivel deseado.<br \/>\n       3. Cierre la ventana para finalizar la operaci\u00f3n.\n   <\/div>\n<\/div>\n<div class=\"col-xs-12 col-sm-12 col-md-12 col-lg-12\" style=\"padding: 25px 0;\">\n<div class=\"col-xs-2 col-sm-1 col-md-1 col-lg-1\" style=\"padding: 0 15px 15px 0;\">\n       <img decoding=\"async\" src=\"http:\/\/www.groupegedone.com\/module_cookie\/picto-safari.png\" style=\"width: 100%;\" alt=\"\"\/>\n   <\/div>\n<div class=\"col-xs-10 col-sm-11 col-md-11 col-lg-11\" style=\"padding: 0;\">\n       1. Haga clic en \u00abSafari\u00bb en la parte superior de su ventana de navegaci\u00f3n y seleccione \u00abPreferencias\u00bb.<br \/>\n       2. Haga clic en \u00abSeguridad\u00bb y en \u00abAceptar cookies\u00bb seleccione el nivel deseado.<br \/>\n       3. Cierre la ventana para finalizar la operaci\u00f3n.\u00bb\n   <\/div>\n<\/div>\n<\/div>\n<p><\/p>","protected":false},"excerpt":{"rendered":"<p>El sitio chateaudesfaures.fr es editado por : Ch\u00e2teau Des Faures 2 chemin de la dognonne, 33570 Puisseguin Siret : 480 248 095 Dise\u00f1o de sitios web y optimizaci\u00f3n Groupe Gedone 80 Boulevard Charles de Gaulles, 64140 LONS Siret : 448 462 200 Tel : 05 59 33 71 46 Groupe Gedone Cr\u00e9ditos de las fotos &hellip; <\/p>\n<p class=\"link-more\"><a href=\"https:\/\/chateaudesfaures.fr\/es\/mentions-legales\/\" class=\"more-link\">Continue reading<span class=\"screen-reader-text\"> \u00abMenciones legales\u00bb<\/span><\/a><\/p>\n","protected":false},"author":2,"featured_media":0,"parent":0,"menu_order":0,"comment_status":"closed","ping_status":"closed","template":"","meta":{"footnotes":""},"class_list":["post-14","page","type-page","status-publish","hentry"],"yoast_head":"<!-- This site is optimized with the Yoast SEO Premium plugin v26.1 (Yoast SEO v27.3) - https:\/\/yoast.com\/product\/yoast-seo-premium-wordpress\/ -->\n<title>Menciones legales - Chambre d\u2019h\u00f4te Saint-\u00c9milion - Chambre d\u2019h\u00f4te Bordeaux - Chateau Des Faures<\/title>\n<meta name=\"description\" content=\"Le site chateaudesfaures.fr est \u00e9dit\u00e9 par : Ch\u00e2teau Des Faures Forme juridique : Soci\u00e9t\u00e9 civile d&#039;exploitation agricole 2 chemin de la dognonne, 33570\" \/>\n<meta name=\"robots\" content=\"noindex, nofollow\" \/>\n<meta property=\"og:locale\" content=\"es_ES\" \/>\n<meta property=\"og:type\" content=\"article\" \/>\n<meta property=\"og:title\" content=\"Menciones legales - Chambre d\u2019h\u00f4te Saint-\u00c9milion - Chambre d\u2019h\u00f4te Bordeaux - Chateau Des Faures\" \/>\n<meta property=\"og:description\" content=\"Le site chateaudesfaures.fr est \u00e9dit\u00e9 par : Ch\u00e2teau Des Faures Forme juridique : Soci\u00e9t\u00e9 civile d&#039;exploitation agricole 2 chemin de la dognonne, 33570\" \/>\n<meta property=\"og:url\" content=\"https:\/\/chateaudesfaures.fr\/mentions-legales\/\" \/>\n<meta property=\"og:site_name\" content=\"Chambre d\u2019h\u00f4te Saint-\u00c9milion - Chambre d\u2019h\u00f4te Bordeaux - Chateau Des Faures\" \/>\n<meta property=\"article:modified_time\" content=\"2025-03-10T15:06:29+00:00\" \/>\n<meta property=\"og:image\" content=\"http:\/\/www.groupegedone.com\/module_cookie\/picto-google-chrome.png\" \/>\n<meta name=\"twitter:card\" content=\"summary_large_image\" \/>\n<meta name=\"twitter:label1\" content=\"Tiempo de lectura\" \/>\n\t<meta name=\"twitter:data1\" content=\"6 minutos\" \/>\n<script type=\"application\/ld+json\" class=\"yoast-schema-graph\">{\"@context\":\"https:\\\/\\\/schema.org\",\"@graph\":[{\"@type\":\"WebPage\",\"@id\":\"https:\\\/\\\/chateaudesfaures.fr\\\/mentions-legales\\\/\",\"url\":\"https:\\\/\\\/chateaudesfaures.fr\\\/mentions-legales\\\/\",\"name\":\"Menciones legales - Chambre d\u2019h\u00f4te Saint-\u00c9milion - Chambre d\u2019h\u00f4te Bordeaux - Chateau Des Faures\",\"isPartOf\":{\"@id\":\"https:\\\/\\\/chateaudesfaures.fr\\\/#website\"},\"primaryImageOfPage\":{\"@id\":\"https:\\\/\\\/chateaudesfaures.fr\\\/mentions-legales\\\/#primaryimage\"},\"image\":{\"@id\":\"https:\\\/\\\/chateaudesfaures.fr\\\/mentions-legales\\\/#primaryimage\"},\"thumbnailUrl\":\"http:\\\/\\\/www.groupegedone.com\\\/module_cookie\\\/picto-google-chrome.png\",\"datePublished\":\"2023-08-22T13:40:40+00:00\",\"dateModified\":\"2025-03-10T15:06:29+00:00\",\"description\":\"Le site chateaudesfaures.fr est \u00e9dit\u00e9 par : Ch\u00e2teau Des Faures Forme juridique : Soci\u00e9t\u00e9 civile d'exploitation agricole 2 chemin de la dognonne, 33570\",\"inLanguage\":\"es\",\"potentialAction\":[{\"@type\":\"ReadAction\",\"target\":[\"https:\\\/\\\/chateaudesfaures.fr\\\/mentions-legales\\\/\"]}]},{\"@type\":\"ImageObject\",\"inLanguage\":\"es\",\"@id\":\"https:\\\/\\\/chateaudesfaures.fr\\\/mentions-legales\\\/#primaryimage\",\"url\":\"http:\\\/\\\/www.groupegedone.com\\\/module_cookie\\\/picto-google-chrome.png\",\"contentUrl\":\"http:\\\/\\\/www.groupegedone.com\\\/module_cookie\\\/picto-google-chrome.png\"},{\"@type\":\"WebSite\",\"@id\":\"https:\\\/\\\/chateaudesfaures.fr\\\/#website\",\"url\":\"https:\\\/\\\/chateaudesfaures.fr\\\/\",\"name\":\"Chambre d\u2019h\u00f4te Saint-\u00c9milion - Chambre d\u2019h\u00f4te Bordeaux - Chateau Des Faures\",\"description\":\"Chambre d\u2019h\u00f4te Saint-\u00c9milion - Chambre d\u2019h\u00f4te Bordeaux - Chateau Des Faures\",\"publisher\":{\"@id\":\"https:\\\/\\\/chateaudesfaures.fr\\\/#organization\"},\"potentialAction\":[{\"@type\":\"SearchAction\",\"target\":{\"@type\":\"EntryPoint\",\"urlTemplate\":\"https:\\\/\\\/chateaudesfaures.fr\\\/?s={search_term_string}\"},\"query-input\":{\"@type\":\"PropertyValueSpecification\",\"valueRequired\":true,\"valueName\":\"search_term_string\"}}],\"inLanguage\":\"es\"},{\"@type\":\"Organization\",\"@id\":\"https:\\\/\\\/chateaudesfaures.fr\\\/#organization\",\"name\":\"Chambre d\u2019h\u00f4te Saint-\u00c9milion - Chambre d\u2019h\u00f4te Bordeaux - Chateau Des Faures\",\"url\":\"https:\\\/\\\/chateaudesfaures.fr\\\/\",\"logo\":{\"@type\":\"ImageObject\",\"inLanguage\":\"es\",\"@id\":\"https:\\\/\\\/chateaudesfaures.fr\\\/#\\\/schema\\\/logo\\\/image\\\/\",\"url\":\"https:\\\/\\\/chateaudesfaures.fr\\\/wp-content\\\/uploads\\\/chateau-des-faures-logo.png\",\"contentUrl\":\"https:\\\/\\\/chateaudesfaures.fr\\\/wp-content\\\/uploads\\\/chateau-des-faures-logo.png\",\"width\":713,\"height\":254,\"caption\":\"Chambre d\u2019h\u00f4te Saint-\u00c9milion - Chambre d\u2019h\u00f4te Bordeaux - Chateau Des Faures\"},\"image\":{\"@id\":\"https:\\\/\\\/chateaudesfaures.fr\\\/#\\\/schema\\\/logo\\\/image\\\/\"}}]}<\/script>\n<!-- \/ Yoast SEO Premium plugin. -->","yoast_head_json":{"title":"Menciones legales - Chambre d\u2019h\u00f4te Saint-\u00c9milion - Chambre d\u2019h\u00f4te Bordeaux - Chateau Des Faures","description":"Le site chateaudesfaures.fr est \u00e9dit\u00e9 par : Ch\u00e2teau Des Faures Forme juridique : Soci\u00e9t\u00e9 civile d'exploitation agricole 2 chemin de la dognonne, 33570","robots":{"index":"noindex","follow":"nofollow"},"og_locale":"es_ES","og_type":"article","og_title":"Menciones legales - Chambre d\u2019h\u00f4te Saint-\u00c9milion - Chambre d\u2019h\u00f4te Bordeaux - Chateau Des Faures","og_description":"Le site chateaudesfaures.fr est \u00e9dit\u00e9 par : Ch\u00e2teau Des Faures Forme juridique : Soci\u00e9t\u00e9 civile d'exploitation agricole 2 chemin de la dognonne, 33570","og_url":"https:\/\/chateaudesfaures.fr\/mentions-legales\/","og_site_name":"Chambre d\u2019h\u00f4te Saint-\u00c9milion - Chambre d\u2019h\u00f4te Bordeaux - Chateau Des Faures","article_modified_time":"2025-03-10T15:06:29+00:00","og_image":[{"url":"http:\/\/www.groupegedone.com\/module_cookie\/picto-google-chrome.png","type":"","width":"","height":""}],"twitter_card":"summary_large_image","twitter_misc":{"Tiempo de lectura":"6 minutos"},"schema":{"@context":"https:\/\/schema.org","@graph":[{"@type":"WebPage","@id":"https:\/\/chateaudesfaures.fr\/mentions-legales\/","url":"https:\/\/chateaudesfaures.fr\/mentions-legales\/","name":"Menciones legales - Chambre d\u2019h\u00f4te Saint-\u00c9milion - Chambre d\u2019h\u00f4te Bordeaux - Chateau Des Faures","isPartOf":{"@id":"https:\/\/chateaudesfaures.fr\/#website"},"primaryImageOfPage":{"@id":"https:\/\/chateaudesfaures.fr\/mentions-legales\/#primaryimage"},"image":{"@id":"https:\/\/chateaudesfaures.fr\/mentions-legales\/#primaryimage"},"thumbnailUrl":"http:\/\/www.groupegedone.com\/module_cookie\/picto-google-chrome.png","datePublished":"2023-08-22T13:40:40+00:00","dateModified":"2025-03-10T15:06:29+00:00","description":"Le site chateaudesfaures.fr est \u00e9dit\u00e9 par : Ch\u00e2teau Des Faures Forme juridique : Soci\u00e9t\u00e9 civile d'exploitation agricole 2 chemin de la dognonne, 33570","inLanguage":"es","potentialAction":[{"@type":"ReadAction","target":["https:\/\/chateaudesfaures.fr\/mentions-legales\/"]}]},{"@type":"ImageObject","inLanguage":"es","@id":"https:\/\/chateaudesfaures.fr\/mentions-legales\/#primaryimage","url":"http:\/\/www.groupegedone.com\/module_cookie\/picto-google-chrome.png","contentUrl":"http:\/\/www.groupegedone.com\/module_cookie\/picto-google-chrome.png"},{"@type":"WebSite","@id":"https:\/\/chateaudesfaures.fr\/#website","url":"https:\/\/chateaudesfaures.fr\/","name":"Chambre d\u2019h\u00f4te Saint-\u00c9milion - Chambre d\u2019h\u00f4te Bordeaux - Chateau Des Faures","description":"Chambre d\u2019h\u00f4te Saint-\u00c9milion - Chambre d\u2019h\u00f4te Bordeaux - Chateau Des Faures","publisher":{"@id":"https:\/\/chateaudesfaures.fr\/#organization"},"potentialAction":[{"@type":"SearchAction","target":{"@type":"EntryPoint","urlTemplate":"https:\/\/chateaudesfaures.fr\/?s={search_term_string}"},"query-input":{"@type":"PropertyValueSpecification","valueRequired":true,"valueName":"search_term_string"}}],"inLanguage":"es"},{"@type":"Organization","@id":"https:\/\/chateaudesfaures.fr\/#organization","name":"Chambre d\u2019h\u00f4te Saint-\u00c9milion - Chambre d\u2019h\u00f4te Bordeaux - Chateau Des Faures","url":"https:\/\/chateaudesfaures.fr\/","logo":{"@type":"ImageObject","inLanguage":"es","@id":"https:\/\/chateaudesfaures.fr\/#\/schema\/logo\/image\/","url":"https:\/\/chateaudesfaures.fr\/wp-content\/uploads\/chateau-des-faures-logo.png","contentUrl":"https:\/\/chateaudesfaures.fr\/wp-content\/uploads\/chateau-des-faures-logo.png","width":713,"height":254,"caption":"Chambre d\u2019h\u00f4te Saint-\u00c9milion - Chambre d\u2019h\u00f4te Bordeaux - Chateau Des Faures"},"image":{"@id":"https:\/\/chateaudesfaures.fr\/#\/schema\/logo\/image\/"}}]}},"_links":{"self":[{"href":"https:\/\/chateaudesfaures.fr\/es\/wp-json\/wp\/v2\/pages\/14","targetHints":{"allow":["GET"]}}],"collection":[{"href":"https:\/\/chateaudesfaures.fr\/es\/wp-json\/wp\/v2\/pages"}],"about":[{"href":"https:\/\/chateaudesfaures.fr\/es\/wp-json\/wp\/v2\/types\/page"}],"author":[{"embeddable":true,"href":"https:\/\/chateaudesfaures.fr\/es\/wp-json\/wp\/v2\/users\/2"}],"replies":[{"embeddable":true,"href":"https:\/\/chateaudesfaures.fr\/es\/wp-json\/wp\/v2\/comments?post=14"}],"version-history":[{"count":11,"href":"https:\/\/chateaudesfaures.fr\/es\/wp-json\/wp\/v2\/pages\/14\/revisions"}],"predecessor-version":[{"id":968,"href":"https:\/\/chateaudesfaures.fr\/es\/wp-json\/wp\/v2\/pages\/14\/revisions\/968"}],"wp:attachment":[{"href":"https:\/\/chateaudesfaures.fr\/es\/wp-json\/wp\/v2\/media?parent=14"}],"curies":[{"name":"wp","href":"https:\/\/api.w.org\/{rel}","templated":true}]}}