{"id":2,"date":"2023-08-22T15:37:05","date_gmt":"2023-08-22T13:37:05","guid":{"rendered":"http:\/\/chateaudesfaures.fr\/?page_id=2"},"modified":"2023-11-09T14:26:34","modified_gmt":"2023-11-09T13:26:34","slug":"chambre-dhote-saint-emilion","status":"publish","type":"page","link":"https:\/\/chateaudesfaures.fr\/en\/","title":{"rendered":"Accueil"},"content":{"rendered":"<p><\/p>\n<h1><strong>GUEST ROOM &#038;<br \/>\nPUISSEGUIN WINE PROPERTY<\/strong><\/h1>\n<hr>\n<p>A noble terroir, a 30-hectare vineyard, <strong>vinification and wine aging<\/strong>, passions shared by the MAS family for three generations in an idyllic setting.<br \/>\nThe Ch\u00e2teau des Faures located in <strong>Puisseguin near Saint-\u00c9milion<\/strong>.<br \/>\nThe story begins in 1977, Roland &#038; Caroline bought the family property, i.e. 37 hectares but only 4 hectares of old vines which experienced the frost of 1956 and 1 hectare 50 of young vines. From 1978, the vine plantations began little by little, the renovation of the farm buildings and mainly the winery, the management of wine and wine effluents in order to best protect our environment.<\/p>\n<div class=\"toggle\">\n<div class=\"more\">\n<strong>2001<\/strong> : Aur\u00e9lien (our son) finishing his agricultural studies joined us on the farm. Ch\u00e2teau des Faures is expanding with new vine plantations as well as an expansion of the vat room in the cellar.<br \/>\n<strong>2005<\/strong> : Creation of SCEA MAS &#038; Fils with Aur\u00e9lien to begin to transfer our domain to him and give him more responsibility.<br \/>\n<strong>2009<\/strong> : Ch\u00e2teau des Faures expands by 7 hectares of vines (farm) located in Saint Philippe d&#8217;Aiguilhe, a further expansion of the vat room in the cellar is carried out. The estate is labeled \u201cVignoble et Chai en Bordelais\u201d.<br \/>\n<strong>2009<\/strong> : We renovate the Gironde house in the heart of the property. Creation of the Maison des Aur\u00e9lines by fitting out three guest rooms, one of which is equipped for people with reduced mobility.<\/p>\n<p>To date, rewarded by all this work, Ch\u00e2teau des Faures has <strong>30 hectares of vines managed by SCEA MAS &#038; Fils<\/strong>. We will be delighted to show you our <strong>High Environmental Value certified<\/strong> wine estate, discover our profession, share a friendly moment around a tasting of our range of wine, and welcome you to our guest<strong> house and benefit from a exceptional environment to recharge your batteries and reconnect with nature<\/strong>.<\/p>\n<\/div>\n<div class=\"less\"><a class=\"button-read-more button-read\" title=\"En savoir plus\" href=\"#read\">Read more<\/a><br \/>\n<a class=\"button-read-less button-read\" title=\"En savoir moins\" href=\"#read\">Reduce<\/a><\/div>\n<\/div>\n<p><\/p>","protected":false},"excerpt":{"rendered":"<p>GUEST ROOM &#038; PUISSEGUIN WINE PROPERTY A noble terroir, a 30-hectare vineyard, vinification and wine aging, passions shared by the MAS family for three generations in an idyllic setting. The Ch\u00e2teau des Faures located in Puisseguin near Saint-\u00c9milion. The story begins in 1977, Roland &#038; Caroline bought the family property, i.e. 37 hectares but only &hellip; <\/p>\n<p class=\"link-more\"><a href=\"https:\/\/chateaudesfaures.fr\/en\/\" class=\"more-link\">Continue reading<span class=\"screen-reader-text\"> &#8220;Accueil&#8221;<\/span><\/a><\/p>\n","protected":false},"author":2,"featured_media":0,"parent":0,"menu_order":0,"comment_status":"closed","ping_status":"open","template":"","meta":{"footnotes":""},"class_list":["post-2","page","type-page","status-publish","hentry"],"yoast_head":"<!-- This site is optimized with the Yoast SEO Premium plugin v26.1 (Yoast SEO v27.3) - https:\/\/yoast.com\/product\/yoast-seo-premium-wordpress\/ -->\n<title>Chambre d&#039;h\u00f4te Saint Emilion - Chambre d&#039;h\u00f4te Bordeaux<\/title>\n<meta name=\"description\" content=\"Ch\u00e2teau Des Faures, votre expert en chambre d&#039;h\u00f4te, situ\u00e9 de Saint Emilion, Bordeaux, le Bassin d&#039;Arcachon, la Gironde et la Dordogne.\" \/>\n<meta name=\"robots\" content=\"index, follow, max-snippet:-1, max-image-preview:large, max-video-preview:-1\" \/>\n<link rel=\"canonical\" href=\"https:\/\/chateaudesfaures.fr\/en\/\" \/>\n<meta property=\"og:locale\" content=\"en_US\" \/>\n<meta property=\"og:type\" content=\"article\" \/>\n<meta property=\"og:title\" content=\"Chambre d&#039;h\u00f4te Saint Emilion - Chambre d&#039;h\u00f4te Bordeaux\" \/>\n<meta property=\"og:description\" content=\"Ch\u00e2teau Des Faures, votre expert en chambre d&#039;h\u00f4te, situ\u00e9 de Saint Emilion, Bordeaux, le Bassin d&#039;Arcachon, la Gironde et la Dordogne.\" \/>\n<meta property=\"og:url\" content=\"https:\/\/chateaudesfaures.fr\/\" \/>\n<meta property=\"og:site_name\" content=\"Chambre d\u2019h\u00f4te Saint-\u00c9milion - Chambre d\u2019h\u00f4te Bordeaux - Chateau Des Faures\" \/>\n<meta property=\"article:modified_time\" content=\"2023-11-09T13:26:34+00:00\" \/>\n<meta property=\"og:image\" content=\"https:\/\/www.groupegedone.com\/wp-content\/themes\/groupege\/images\/invisible.png\" \/>\n<meta name=\"twitter:card\" content=\"summary_large_image\" \/>\n<meta name=\"twitter:label1\" content=\"Est. reading time\" \/>\n\t<meta name=\"twitter:data1\" content=\"5 minutes\" \/>\n<script type=\"application\/ld+json\" class=\"yoast-schema-graph\">{\"@context\":\"https:\\\/\\\/schema.org\",\"@graph\":[{\"@type\":\"WebPage\",\"@id\":\"https:\\\/\\\/chateaudesfaures.fr\\\/\",\"url\":\"https:\\\/\\\/chateaudesfaures.fr\\\/\",\"name\":\"Chambre d'h\u00f4te Saint Emilion - Chambre d'h\u00f4te Bordeaux\",\"isPartOf\":{\"@id\":\"https:\\\/\\\/chateaudesfaures.fr\\\/#website\"},\"primaryImageOfPage\":{\"@id\":\"https:\\\/\\\/chateaudesfaures.fr\\\/#primaryimage\"},\"image\":{\"@id\":\"https:\\\/\\\/chateaudesfaures.fr\\\/#primaryimage\"},\"thumbnailUrl\":\"https:\\\/\\\/www.groupegedone.com\\\/wp-content\\\/themes\\\/groupege\\\/images\\\/invisible.png\",\"datePublished\":\"2023-08-22T13:37:05+00:00\",\"dateModified\":\"2023-11-09T13:26:34+00:00\",\"description\":\"Ch\u00e2teau Des Faures, votre expert en chambre d'h\u00f4te, situ\u00e9 de Saint Emilion, Bordeaux, le Bassin d'Arcachon, la Gironde et la Dordogne.\",\"inLanguage\":\"en-US\",\"potentialAction\":[{\"@type\":\"ReadAction\",\"target\":[\"https:\\\/\\\/chateaudesfaures.fr\\\/\"]}]},{\"@type\":\"ImageObject\",\"inLanguage\":\"en-US\",\"@id\":\"https:\\\/\\\/chateaudesfaures.fr\\\/#primaryimage\",\"url\":\"https:\\\/\\\/www.groupegedone.com\\\/wp-content\\\/themes\\\/groupege\\\/images\\\/invisible.png\",\"contentUrl\":\"https:\\\/\\\/www.groupegedone.com\\\/wp-content\\\/themes\\\/groupege\\\/images\\\/invisible.png\"},{\"@type\":\"WebSite\",\"@id\":\"https:\\\/\\\/chateaudesfaures.fr\\\/#website\",\"url\":\"https:\\\/\\\/chateaudesfaures.fr\\\/\",\"name\":\"Chambre d\u2019h\u00f4te Saint-\u00c9milion - Chambre d\u2019h\u00f4te Bordeaux - Chateau Des Faures\",\"description\":\"Chambre d\u2019h\u00f4te Saint-\u00c9milion - Chambre d\u2019h\u00f4te Bordeaux - Chateau Des Faures\",\"publisher\":{\"@id\":\"https:\\\/\\\/chateaudesfaures.fr\\\/#organization\"},\"potentialAction\":[{\"@type\":\"SearchAction\",\"target\":{\"@type\":\"EntryPoint\",\"urlTemplate\":\"https:\\\/\\\/chateaudesfaures.fr\\\/?s={search_term_string}\"},\"query-input\":{\"@type\":\"PropertyValueSpecification\",\"valueRequired\":true,\"valueName\":\"search_term_string\"}}],\"inLanguage\":\"en-US\"},{\"@type\":\"Organization\",\"@id\":\"https:\\\/\\\/chateaudesfaures.fr\\\/#organization\",\"name\":\"Chambre d\u2019h\u00f4te Saint-\u00c9milion - Chambre d\u2019h\u00f4te Bordeaux - Chateau Des Faures\",\"url\":\"https:\\\/\\\/chateaudesfaures.fr\\\/\",\"logo\":{\"@type\":\"ImageObject\",\"inLanguage\":\"en-US\",\"@id\":\"https:\\\/\\\/chateaudesfaures.fr\\\/#\\\/schema\\\/logo\\\/image\\\/\",\"url\":\"https:\\\/\\\/chateaudesfaures.fr\\\/wp-content\\\/uploads\\\/chateau-des-faures-logo.png\",\"contentUrl\":\"https:\\\/\\\/chateaudesfaures.fr\\\/wp-content\\\/uploads\\\/chateau-des-faures-logo.png\",\"width\":713,\"height\":254,\"caption\":\"Chambre d\u2019h\u00f4te Saint-\u00c9milion - Chambre d\u2019h\u00f4te Bordeaux - Chateau Des Faures\"},\"image\":{\"@id\":\"https:\\\/\\\/chateaudesfaures.fr\\\/#\\\/schema\\\/logo\\\/image\\\/\"}}]}<\/script>\n<!-- \/ Yoast SEO Premium plugin. -->","yoast_head_json":{"title":"Chambre d'h\u00f4te Saint Emilion - Chambre d'h\u00f4te Bordeaux","description":"Ch\u00e2teau Des Faures, votre expert en chambre d'h\u00f4te, situ\u00e9 de Saint Emilion, Bordeaux, le Bassin d'Arcachon, la Gironde et la Dordogne.","robots":{"index":"index","follow":"follow","max-snippet":"max-snippet:-1","max-image-preview":"max-image-preview:large","max-video-preview":"max-video-preview:-1"},"canonical":"https:\/\/chateaudesfaures.fr\/en\/","og_locale":"en_US","og_type":"article","og_title":"Chambre d'h\u00f4te Saint Emilion - Chambre d'h\u00f4te Bordeaux","og_description":"Ch\u00e2teau Des Faures, votre expert en chambre d'h\u00f4te, situ\u00e9 de Saint Emilion, Bordeaux, le Bassin d'Arcachon, la Gironde et la Dordogne.","og_url":"https:\/\/chateaudesfaures.fr\/","og_site_name":"Chambre d\u2019h\u00f4te Saint-\u00c9milion - Chambre d\u2019h\u00f4te Bordeaux - Chateau Des Faures","article_modified_time":"2023-11-09T13:26:34+00:00","og_image":[{"url":"https:\/\/www.groupegedone.com\/wp-content\/themes\/groupege\/images\/invisible.png","type":"","width":"","height":""}],"twitter_card":"summary_large_image","twitter_misc":{"Est. reading time":"5 minutes"},"schema":{"@context":"https:\/\/schema.org","@graph":[{"@type":"WebPage","@id":"https:\/\/chateaudesfaures.fr\/","url":"https:\/\/chateaudesfaures.fr\/","name":"Chambre d'h\u00f4te Saint Emilion - Chambre d'h\u00f4te Bordeaux","isPartOf":{"@id":"https:\/\/chateaudesfaures.fr\/#website"},"primaryImageOfPage":{"@id":"https:\/\/chateaudesfaures.fr\/#primaryimage"},"image":{"@id":"https:\/\/chateaudesfaures.fr\/#primaryimage"},"thumbnailUrl":"https:\/\/www.groupegedone.com\/wp-content\/themes\/groupege\/images\/invisible.png","datePublished":"2023-08-22T13:37:05+00:00","dateModified":"2023-11-09T13:26:34+00:00","description":"Ch\u00e2teau Des Faures, votre expert en chambre d'h\u00f4te, situ\u00e9 de Saint Emilion, Bordeaux, le Bassin d'Arcachon, la Gironde et la Dordogne.","inLanguage":"en-US","potentialAction":[{"@type":"ReadAction","target":["https:\/\/chateaudesfaures.fr\/"]}]},{"@type":"ImageObject","inLanguage":"en-US","@id":"https:\/\/chateaudesfaures.fr\/#primaryimage","url":"https:\/\/www.groupegedone.com\/wp-content\/themes\/groupege\/images\/invisible.png","contentUrl":"https:\/\/www.groupegedone.com\/wp-content\/themes\/groupege\/images\/invisible.png"},{"@type":"WebSite","@id":"https:\/\/chateaudesfaures.fr\/#website","url":"https:\/\/chateaudesfaures.fr\/","name":"Chambre d\u2019h\u00f4te Saint-\u00c9milion - Chambre d\u2019h\u00f4te Bordeaux - Chateau Des Faures","description":"Chambre d\u2019h\u00f4te Saint-\u00c9milion - Chambre d\u2019h\u00f4te Bordeaux - Chateau Des Faures","publisher":{"@id":"https:\/\/chateaudesfaures.fr\/#organization"},"potentialAction":[{"@type":"SearchAction","target":{"@type":"EntryPoint","urlTemplate":"https:\/\/chateaudesfaures.fr\/?s={search_term_string}"},"query-input":{"@type":"PropertyValueSpecification","valueRequired":true,"valueName":"search_term_string"}}],"inLanguage":"en-US"},{"@type":"Organization","@id":"https:\/\/chateaudesfaures.fr\/#organization","name":"Chambre d\u2019h\u00f4te Saint-\u00c9milion - Chambre d\u2019h\u00f4te Bordeaux - Chateau Des Faures","url":"https:\/\/chateaudesfaures.fr\/","logo":{"@type":"ImageObject","inLanguage":"en-US","@id":"https:\/\/chateaudesfaures.fr\/#\/schema\/logo\/image\/","url":"https:\/\/chateaudesfaures.fr\/wp-content\/uploads\/chateau-des-faures-logo.png","contentUrl":"https:\/\/chateaudesfaures.fr\/wp-content\/uploads\/chateau-des-faures-logo.png","width":713,"height":254,"caption":"Chambre d\u2019h\u00f4te Saint-\u00c9milion - Chambre d\u2019h\u00f4te Bordeaux - Chateau Des Faures"},"image":{"@id":"https:\/\/chateaudesfaures.fr\/#\/schema\/logo\/image\/"}}]}},"_links":{"self":[{"href":"https:\/\/chateaudesfaures.fr\/en\/wp-json\/wp\/v2\/pages\/2","targetHints":{"allow":["GET"]}}],"collection":[{"href":"https:\/\/chateaudesfaures.fr\/en\/wp-json\/wp\/v2\/pages"}],"about":[{"href":"https:\/\/chateaudesfaures.fr\/en\/wp-json\/wp\/v2\/types\/page"}],"author":[{"embeddable":true,"href":"https:\/\/chateaudesfaures.fr\/en\/wp-json\/wp\/v2\/users\/2"}],"replies":[{"embeddable":true,"href":"https:\/\/chateaudesfaures.fr\/en\/wp-json\/wp\/v2\/comments?post=2"}],"version-history":[{"count":17,"href":"https:\/\/chateaudesfaures.fr\/en\/wp-json\/wp\/v2\/pages\/2\/revisions"}],"predecessor-version":[{"id":234,"href":"https:\/\/chateaudesfaures.fr\/en\/wp-json\/wp\/v2\/pages\/2\/revisions\/234"}],"wp:attachment":[{"href":"https:\/\/chateaudesfaures.fr\/en\/wp-json\/wp\/v2\/media?parent=2"}],"curies":[{"name":"wp","href":"https:\/\/api.w.org\/{rel}","templated":true}]}}