{"id":14,"date":"2023-08-22T15:40:40","date_gmt":"2023-08-22T13:40:40","guid":{"rendered":"http:\/\/chateaudesfaures.fr\/?page_id=14"},"modified":"2025-03-10T16:06:29","modified_gmt":"2025-03-10T15:06:29","slug":"mentions-legales","status":"publish","type":"page","link":"https:\/\/chateaudesfaures.fr\/en\/mentions-legales\/","title":{"rendered":"Legal Notice"},"content":{"rendered":"<p><\/p>\n<div class=\"bloc_mentions\">\n<div class=\"bloc_bordures\">\nThe website chateaudesfaures.fr is published by :<\/p>\n<h2>Ch\u00e2teau Des Faures<\/h2>\n<p>2 chemin de la dognonne,<br \/>\n33570 Puisseguin<\/p>\n<p>Siret : 480 248 095<\/p>\n<p>Website design and Search Engine Optimization<\/p>\n<h2>Groupe Gedone<\/h2>\n<p>80 Boulevard Charles de Gaulles, 64140 LONS<br \/>\nSiret : 448 462 200<br \/>\nTel : 05 59 33 71 46<br \/>\n<a href=\"http:\/\/creationsiteinternetpau.com\/\">Groupe Gedone<\/a><\/p>\n<h2>Photos Credits<\/h2>\n<p>Adobe stock\n<\/p><\/div>\n<\/div>\n<div class=\"bloc_infos\">\n<h2>Hosting<\/h2>\n<p>OVH -140, quai du Sartel &#8211; 59100 ROUBAIX<br \/>\nCopyright &#8211; \u00a9 &#8211; Trademark Rights &#8211; Links<br \/>\nReproduction or representation, in whole or in part, of the elements found on the site is strictly prohibited.&#8221;<\/p>\n<h2>Copyright<\/h2>\n<p>The reproduction and representation rights of all the works depicted on the site are strictly reserved. Accordingly, the reproduction and representation of all or part of this site, on any medium whatsoever, is strictly prohibited without the express written permission of the publication manager. Documents may only be copied for informational purposes, with copying reserved for private use only.<\/p>\n<h2>Trademark Rights<\/h2>\n<p>The corporate names, trademarks, and distinctive signs reproduced on the site are protected under trademark law. Reproduction or representation of all or part of any of the aforementioned signs is strictly prohibited and requires prior written authorization from the trademark owner.<\/p>\n<h2>Creating links to the site<\/h2>\n<p>The site allows for the establishment of a hyperlink pointing to its content, provided that the technique of deep linking is not used, meaning that the site&#8217;s pages must not be nested within the pages of another site but accessible by opening a new window. The source of the content being linked to must be mentioned.<br \/>\nThis authorization does not apply to websites that disseminate information of a controversial, pornographic, xenophobic nature, or that may, to a greater extent, offend the sensibilities of the general public or public order.<\/p>\n<h2>Computer Freedom and Personal Data<\/h2>\n<p>The user is informed that their personal data collected in the context of contact forms, personalized services, or any other questionnaires are subject to automated processing. The collected information is strictly confidential and intended for the exclusive use of the members and services of the site&#8217;s publisher.<br \/>\nSome specific information requested in online forms is mandatory. Please note that if entered incorrectly, the information will not be sent.<br \/>\nIn accordance with the &#8220;Data Protection&#8221; law of January 6, 1978, amended by the law of August 6, 2004 (Articles 38 to 43 of Law No. 78-17 of January 6, 1978, concerning information technology, files, and freedoms), you can exercise your right to access information and, if necessary, your right to rectify or withdraw information about yourself by writing to us.<\/p>\n<p>For information on the protection of personal data, you can visit the website of the French Data Protection Commission at <a href=\"http:\/\/www.cnil.fr\">www.cnil.fr<\/a>.<\/p>\n<h2>Cookie Usage Policy<\/h2>\n<p><b>What is a cookie ?<\/b><br \/>\nA cookie is a small text file stored on your computer, mobile, or tablet when you visit our site.<\/p>\n<p>You do not need to have this feature enabled to visit the site, but access to certain services may require the use of cookies to function properly (e.g., Google Analytics statistics). You can disable your browser&#8217;s cookie function if you wish.<\/p>\n<p>For more information about cookies, you can visit the CNIL website (<a href=\"http:\/\/www.cnil.fr\">www.cnil.fr<\/a>).<br \/>\nThese cookies provide us with encoded information to facilitate and enhance your experience on our site, for example, by recognizing you when you return to the site. A cookie does not allow for personal identification; it only recognizes the computer being used. Cookies enable your computer to access various site functions and provide you with the most personalized browsing experience possible.<br \/>\nNo personal information is transmitted without your explicit consent.<\/p>\n<p>The data retention period for cookie-related data is limited to 13 months.<br \/>\n<b>How to refuse cookies ?<\/b><br \/>\nIf you wish to reject the placement of cookies on your computer, you can configure your web browser. Each browser has a different procedure, which you can find below :<\/p>\n<div class=\"col-xs-12 col-sm-12 col-md-12 col-lg-12\" style=\"padding: 25px 0;\">\n<div class=\"col-xs-2 col-sm-1 col-md-1 col-lg-1\" style=\"padding: 0 15px 15px 0;\">\n       <img decoding=\"async\" src=\"http:\/\/www.groupegedone.com\/module_cookie\/picto-google-chrome.png\" style=\"width: 100%;\"alt=\"\"\/>\n   <\/div>\n<div class=\"col-xs-10 col-sm-11 col-md-11 col-lg-11\" style=\"padding: 0;\">\n       1. Select &#8220;Settings&#8221; at the top of your browser window, then &#8220;Show advanced settings&#8221;.<br \/>\n       2. In the &#8220;Privacy&#8221; section, click on &#8220;Content settings,&#8221; which will take you to the &#8220;cookies&#8221; section where you can choose your preferred level.<br \/>\n       3. Scroll down to the bottom of the page, then click &#8220;OK&#8221; to complete the process.<\/p><\/div>\n<\/div>\n<div class=\"col-xs-12 col-sm-12 col-md-12 col-lg-12\" style=\"padding: 25px 0;\">\n<div class=\"col-xs-2 col-sm-1 col-md-1 col-lg-1\" style=\"padding: 0 15px 15px 0;\">\n       <img decoding=\"async\" src=\"http:\/\/www.groupegedone.com\/module_cookie\/picto-mozilla-firefox.png\" style=\"width: 100%;\" alt=\"\"\/>\n   <\/div>\n<div class=\"col-xs-10 col-sm-11 col-md-11 col-lg-11\" style=\"padding: 0;\">\n       1. Click on &#8220;Tools&#8221; at the top of your browser window, and then select &#8220;Options.&#8221;<br \/>\n       2. Choose the &#8220;Privacy&#8221; tab, and click on &#8220;Remove specific cookies.<br \/>\n       3. Locate the cookies containing the name &#8220;XXX&#8221; and delete them.\n   <\/div>\n<\/div>\n<div class=\"col-xs-12 col-sm-12 col-md-12 col-lg-12\" style=\"padding: 25px 0;\">\n<div class=\"col-xs-2 col-sm-1 col-md-1 col-lg-1\" style=\"padding: 0 15px 15px 0;\">\n       <img decoding=\"async\" src=\"http:\/\/www.groupegedone.com\/module_cookie\/picto-internet-explorer.png\" style=\"width: 100%;\" alt=\"\"\/>\n   <\/div>\n<div class=\"col-xs-10 col-sm-11 col-md-11 col-lg-11\" style=\"padding: 0;\">\n       1. Click on &#8220;Tools&#8221; at the top of your browser window, and then select &#8220;Internet Options.&#8221;<br \/>\n       2. In the &#8220;Privacy&#8221; tab, choose the cookie level you want to accept.<br \/>\n       3. Click &#8220;OK&#8221; to complete the process.\n   <\/div>\n<\/div>\n<div class=\"col-xs-12 col-sm-12 col-md-12 col-lg-12\" style=\"padding: 25px 0;\">\n<div class=\"col-xs-2 col-sm-1 col-md-1 col-lg-1\" style=\"padding: 0 15px 15px 0;\">\n       <img decoding=\"async\" src=\"http:\/\/www.groupegedone.com\/module_cookie\/picto-safari.png\" style=\"width: 100%;\" alt=\"\"\/>\n   <\/div>\n<div class=\"col-xs-10 col-sm-11 col-md-11 col-lg-11\" style=\"padding: 0;\">\n       1. Cliquez sur l\u00b4ic\u00f4ne \u00ab rouage \u00bb en haut de votre fen\u00eatre de navigation puis sur \u00ab Pr\u00e9f\u00e9rences \u00bb.<br \/>\n       2. Cliquez sur \u00ab S\u00e9curit\u00e9 \u00bb et dans \u00ab Bloquer les cookies \u00bb s\u00e9lectionnez le niveau voulu.<br \/>\n       3. Fermez la fen\u00eatre pour finaliser l\u2019op\u00e9ration\n   <\/div>\n<\/div>\n<div class=\"col-xs-12 col-sm-12 col-md-12 col-lg-12\" style=\"padding: 25px 0;\">\n<div class=\"col-xs-2 col-sm-1 col-md-1 col-lg-1\" style=\"padding: 0 15px 15px 0;\">\n       <img decoding=\"async\" src=\"http:\/\/www.groupegedone.com\/module_cookie\/picto-safari.png\" style=\"width: 100%;\" alt=\"\"\/>\n   <\/div>\n<div class=\"col-xs-10 col-sm-11 col-md-11 col-lg-11\" style=\"padding: 0;\">\n       1. Click on &#8220;Safari&#8221; at the top of your browser window and choose &#8220;Preferences.&#8221;<br \/>\n       2. Click on &#8220;Security&#8221; and, under &#8220;Accept Cookies,&#8221; select the desired level.<br \/>\n       3. Close the window to complete the process.\n   <\/div>\n<\/div>\n<\/div>\n<p><\/p>","protected":false},"excerpt":{"rendered":"<p>The website chateaudesfaures.fr is published by : Ch\u00e2teau Des Faures 2 chemin de la dognonne, 33570 Puisseguin Siret : 480 248 095 Website design and Search Engine Optimization Groupe Gedone 80 Boulevard Charles de Gaulles, 64140 LONS Siret : 448 462 200 Tel : 05 59 33 71 46 Groupe Gedone Photos Credits Adobe stock &hellip; <\/p>\n<p class=\"link-more\"><a href=\"https:\/\/chateaudesfaures.fr\/en\/mentions-legales\/\" class=\"more-link\">Continue reading<span class=\"screen-reader-text\"> &#8220;Legal Notice&#8221;<\/span><\/a><\/p>\n","protected":false},"author":2,"featured_media":0,"parent":0,"menu_order":0,"comment_status":"closed","ping_status":"closed","template":"","meta":{"footnotes":""},"class_list":["post-14","page","type-page","status-publish","hentry"],"yoast_head":"<!-- This site is optimized with the Yoast SEO Premium plugin v26.1 (Yoast SEO v27.3) - https:\/\/yoast.com\/product\/yoast-seo-premium-wordpress\/ -->\n<title>Legal Notice - Chambre d\u2019h\u00f4te Saint-\u00c9milion - Chambre d\u2019h\u00f4te Bordeaux - Chateau Des Faures<\/title>\n<meta name=\"description\" content=\"Le site chateaudesfaures.fr est \u00e9dit\u00e9 par : Ch\u00e2teau Des Faures Forme juridique : Soci\u00e9t\u00e9 civile d&#039;exploitation agricole 2 chemin de la dognonne, 33570\" \/>\n<meta name=\"robots\" content=\"noindex, nofollow\" \/>\n<meta property=\"og:locale\" content=\"en_US\" \/>\n<meta property=\"og:type\" content=\"article\" \/>\n<meta property=\"og:title\" content=\"Legal Notice - Chambre d\u2019h\u00f4te Saint-\u00c9milion - Chambre d\u2019h\u00f4te Bordeaux - Chateau Des Faures\" \/>\n<meta property=\"og:description\" content=\"Le site chateaudesfaures.fr est \u00e9dit\u00e9 par : Ch\u00e2teau Des Faures Forme juridique : Soci\u00e9t\u00e9 civile d&#039;exploitation agricole 2 chemin de la dognonne, 33570\" \/>\n<meta property=\"og:url\" content=\"https:\/\/chateaudesfaures.fr\/mentions-legales\/\" \/>\n<meta property=\"og:site_name\" content=\"Chambre d\u2019h\u00f4te Saint-\u00c9milion - Chambre d\u2019h\u00f4te Bordeaux - Chateau Des Faures\" \/>\n<meta property=\"article:modified_time\" content=\"2025-03-10T15:06:29+00:00\" \/>\n<meta property=\"og:image\" content=\"http:\/\/www.groupegedone.com\/module_cookie\/picto-google-chrome.png\" \/>\n<meta name=\"twitter:card\" content=\"summary_large_image\" \/>\n<meta name=\"twitter:label1\" content=\"Est. reading time\" \/>\n\t<meta name=\"twitter:data1\" content=\"6 minutes\" \/>\n<script type=\"application\/ld+json\" class=\"yoast-schema-graph\">{\"@context\":\"https:\\\/\\\/schema.org\",\"@graph\":[{\"@type\":\"WebPage\",\"@id\":\"https:\\\/\\\/chateaudesfaures.fr\\\/mentions-legales\\\/\",\"url\":\"https:\\\/\\\/chateaudesfaures.fr\\\/mentions-legales\\\/\",\"name\":\"Legal Notice - Chambre d\u2019h\u00f4te Saint-\u00c9milion - Chambre d\u2019h\u00f4te Bordeaux - Chateau Des Faures\",\"isPartOf\":{\"@id\":\"https:\\\/\\\/chateaudesfaures.fr\\\/#website\"},\"primaryImageOfPage\":{\"@id\":\"https:\\\/\\\/chateaudesfaures.fr\\\/mentions-legales\\\/#primaryimage\"},\"image\":{\"@id\":\"https:\\\/\\\/chateaudesfaures.fr\\\/mentions-legales\\\/#primaryimage\"},\"thumbnailUrl\":\"http:\\\/\\\/www.groupegedone.com\\\/module_cookie\\\/picto-google-chrome.png\",\"datePublished\":\"2023-08-22T13:40:40+00:00\",\"dateModified\":\"2025-03-10T15:06:29+00:00\",\"description\":\"Le site chateaudesfaures.fr est \u00e9dit\u00e9 par : Ch\u00e2teau Des Faures Forme juridique : Soci\u00e9t\u00e9 civile d'exploitation agricole 2 chemin de la dognonne, 33570\",\"inLanguage\":\"en-US\",\"potentialAction\":[{\"@type\":\"ReadAction\",\"target\":[\"https:\\\/\\\/chateaudesfaures.fr\\\/mentions-legales\\\/\"]}]},{\"@type\":\"ImageObject\",\"inLanguage\":\"en-US\",\"@id\":\"https:\\\/\\\/chateaudesfaures.fr\\\/mentions-legales\\\/#primaryimage\",\"url\":\"http:\\\/\\\/www.groupegedone.com\\\/module_cookie\\\/picto-google-chrome.png\",\"contentUrl\":\"http:\\\/\\\/www.groupegedone.com\\\/module_cookie\\\/picto-google-chrome.png\"},{\"@type\":\"WebSite\",\"@id\":\"https:\\\/\\\/chateaudesfaures.fr\\\/#website\",\"url\":\"https:\\\/\\\/chateaudesfaures.fr\\\/\",\"name\":\"Chambre d\u2019h\u00f4te Saint-\u00c9milion - Chambre d\u2019h\u00f4te Bordeaux - Chateau Des Faures\",\"description\":\"Chambre d\u2019h\u00f4te Saint-\u00c9milion - Chambre d\u2019h\u00f4te Bordeaux - Chateau Des Faures\",\"publisher\":{\"@id\":\"https:\\\/\\\/chateaudesfaures.fr\\\/#organization\"},\"potentialAction\":[{\"@type\":\"SearchAction\",\"target\":{\"@type\":\"EntryPoint\",\"urlTemplate\":\"https:\\\/\\\/chateaudesfaures.fr\\\/?s={search_term_string}\"},\"query-input\":{\"@type\":\"PropertyValueSpecification\",\"valueRequired\":true,\"valueName\":\"search_term_string\"}}],\"inLanguage\":\"en-US\"},{\"@type\":\"Organization\",\"@id\":\"https:\\\/\\\/chateaudesfaures.fr\\\/#organization\",\"name\":\"Chambre d\u2019h\u00f4te Saint-\u00c9milion - Chambre d\u2019h\u00f4te Bordeaux - Chateau Des Faures\",\"url\":\"https:\\\/\\\/chateaudesfaures.fr\\\/\",\"logo\":{\"@type\":\"ImageObject\",\"inLanguage\":\"en-US\",\"@id\":\"https:\\\/\\\/chateaudesfaures.fr\\\/#\\\/schema\\\/logo\\\/image\\\/\",\"url\":\"https:\\\/\\\/chateaudesfaures.fr\\\/wp-content\\\/uploads\\\/chateau-des-faures-logo.png\",\"contentUrl\":\"https:\\\/\\\/chateaudesfaures.fr\\\/wp-content\\\/uploads\\\/chateau-des-faures-logo.png\",\"width\":713,\"height\":254,\"caption\":\"Chambre d\u2019h\u00f4te Saint-\u00c9milion - Chambre d\u2019h\u00f4te Bordeaux - Chateau Des Faures\"},\"image\":{\"@id\":\"https:\\\/\\\/chateaudesfaures.fr\\\/#\\\/schema\\\/logo\\\/image\\\/\"}}]}<\/script>\n<!-- \/ Yoast SEO Premium plugin. -->","yoast_head_json":{"title":"Legal Notice - Chambre d\u2019h\u00f4te Saint-\u00c9milion - Chambre d\u2019h\u00f4te Bordeaux - Chateau Des Faures","description":"Le site chateaudesfaures.fr est \u00e9dit\u00e9 par : Ch\u00e2teau Des Faures Forme juridique : Soci\u00e9t\u00e9 civile d'exploitation agricole 2 chemin de la dognonne, 33570","robots":{"index":"noindex","follow":"nofollow"},"og_locale":"en_US","og_type":"article","og_title":"Legal Notice - Chambre d\u2019h\u00f4te Saint-\u00c9milion - Chambre d\u2019h\u00f4te Bordeaux - Chateau Des Faures","og_description":"Le site chateaudesfaures.fr est \u00e9dit\u00e9 par : Ch\u00e2teau Des Faures Forme juridique : Soci\u00e9t\u00e9 civile d'exploitation agricole 2 chemin de la dognonne, 33570","og_url":"https:\/\/chateaudesfaures.fr\/mentions-legales\/","og_site_name":"Chambre d\u2019h\u00f4te Saint-\u00c9milion - Chambre d\u2019h\u00f4te Bordeaux - Chateau Des Faures","article_modified_time":"2025-03-10T15:06:29+00:00","og_image":[{"url":"http:\/\/www.groupegedone.com\/module_cookie\/picto-google-chrome.png","type":"","width":"","height":""}],"twitter_card":"summary_large_image","twitter_misc":{"Est. reading time":"6 minutes"},"schema":{"@context":"https:\/\/schema.org","@graph":[{"@type":"WebPage","@id":"https:\/\/chateaudesfaures.fr\/mentions-legales\/","url":"https:\/\/chateaudesfaures.fr\/mentions-legales\/","name":"Legal Notice - Chambre d\u2019h\u00f4te Saint-\u00c9milion - Chambre d\u2019h\u00f4te Bordeaux - Chateau Des Faures","isPartOf":{"@id":"https:\/\/chateaudesfaures.fr\/#website"},"primaryImageOfPage":{"@id":"https:\/\/chateaudesfaures.fr\/mentions-legales\/#primaryimage"},"image":{"@id":"https:\/\/chateaudesfaures.fr\/mentions-legales\/#primaryimage"},"thumbnailUrl":"http:\/\/www.groupegedone.com\/module_cookie\/picto-google-chrome.png","datePublished":"2023-08-22T13:40:40+00:00","dateModified":"2025-03-10T15:06:29+00:00","description":"Le site chateaudesfaures.fr est \u00e9dit\u00e9 par : Ch\u00e2teau Des Faures Forme juridique : Soci\u00e9t\u00e9 civile d'exploitation agricole 2 chemin de la dognonne, 33570","inLanguage":"en-US","potentialAction":[{"@type":"ReadAction","target":["https:\/\/chateaudesfaures.fr\/mentions-legales\/"]}]},{"@type":"ImageObject","inLanguage":"en-US","@id":"https:\/\/chateaudesfaures.fr\/mentions-legales\/#primaryimage","url":"http:\/\/www.groupegedone.com\/module_cookie\/picto-google-chrome.png","contentUrl":"http:\/\/www.groupegedone.com\/module_cookie\/picto-google-chrome.png"},{"@type":"WebSite","@id":"https:\/\/chateaudesfaures.fr\/#website","url":"https:\/\/chateaudesfaures.fr\/","name":"Chambre d\u2019h\u00f4te Saint-\u00c9milion - Chambre d\u2019h\u00f4te Bordeaux - Chateau Des Faures","description":"Chambre d\u2019h\u00f4te Saint-\u00c9milion - Chambre d\u2019h\u00f4te Bordeaux - Chateau Des Faures","publisher":{"@id":"https:\/\/chateaudesfaures.fr\/#organization"},"potentialAction":[{"@type":"SearchAction","target":{"@type":"EntryPoint","urlTemplate":"https:\/\/chateaudesfaures.fr\/?s={search_term_string}"},"query-input":{"@type":"PropertyValueSpecification","valueRequired":true,"valueName":"search_term_string"}}],"inLanguage":"en-US"},{"@type":"Organization","@id":"https:\/\/chateaudesfaures.fr\/#organization","name":"Chambre d\u2019h\u00f4te Saint-\u00c9milion - Chambre d\u2019h\u00f4te Bordeaux - Chateau Des Faures","url":"https:\/\/chateaudesfaures.fr\/","logo":{"@type":"ImageObject","inLanguage":"en-US","@id":"https:\/\/chateaudesfaures.fr\/#\/schema\/logo\/image\/","url":"https:\/\/chateaudesfaures.fr\/wp-content\/uploads\/chateau-des-faures-logo.png","contentUrl":"https:\/\/chateaudesfaures.fr\/wp-content\/uploads\/chateau-des-faures-logo.png","width":713,"height":254,"caption":"Chambre d\u2019h\u00f4te Saint-\u00c9milion - Chambre d\u2019h\u00f4te Bordeaux - Chateau Des Faures"},"image":{"@id":"https:\/\/chateaudesfaures.fr\/#\/schema\/logo\/image\/"}}]}},"_links":{"self":[{"href":"https:\/\/chateaudesfaures.fr\/en\/wp-json\/wp\/v2\/pages\/14","targetHints":{"allow":["GET"]}}],"collection":[{"href":"https:\/\/chateaudesfaures.fr\/en\/wp-json\/wp\/v2\/pages"}],"about":[{"href":"https:\/\/chateaudesfaures.fr\/en\/wp-json\/wp\/v2\/types\/page"}],"author":[{"embeddable":true,"href":"https:\/\/chateaudesfaures.fr\/en\/wp-json\/wp\/v2\/users\/2"}],"replies":[{"embeddable":true,"href":"https:\/\/chateaudesfaures.fr\/en\/wp-json\/wp\/v2\/comments?post=14"}],"version-history":[{"count":11,"href":"https:\/\/chateaudesfaures.fr\/en\/wp-json\/wp\/v2\/pages\/14\/revisions"}],"predecessor-version":[{"id":968,"href":"https:\/\/chateaudesfaures.fr\/en\/wp-json\/wp\/v2\/pages\/14\/revisions\/968"}],"wp:attachment":[{"href":"https:\/\/chateaudesfaures.fr\/en\/wp-json\/wp\/v2\/media?parent=14"}],"curies":[{"name":"wp","href":"https:\/\/api.w.org\/{rel}","templated":true}]}}